{"id":72,"date":"2023-08-01T19:21:08","date_gmt":"2023-08-01T19:21:08","guid":{"rendered":"https:\/\/quickhelpalliance.de\/?page_id=72"},"modified":"2023-08-03T09:55:35","modified_gmt":"2023-08-03T09:55:35","slug":"team","status":"publish","type":"page","link":"https:\/\/quickhelpalliance.de\/index.php\/team\/","title":{"rendered":"Team"},"content":{"rendered":"<div class=\"wp-block-image is-style-rounded\">\n<figure class=\"alignright size-medium is-resized\"><img loading=\"lazy\" decoding=\"async\" src=\"https:\/\/quickhelpalliance.de\/wp-content\/uploads\/2023\/08\/Bild-Anton-300x291.jpg\" alt=\"\" class=\"wp-image-81\" width=\"225\" height=\"218\" srcset=\"https:\/\/quickhelpalliance.de\/wp-content\/uploads\/2023\/08\/Bild-Anton-300x291.jpg 300w, https:\/\/quickhelpalliance.de\/wp-content\/uploads\/2023\/08\/Bild-Anton.jpg 316w\" sizes=\"auto, (max-width: 225px) 100vw, 225px\" \/><\/figure>\n<\/div>\n\n\n<blockquote class=\"wp-block-quote has-text-align-center is-style-large is-layout-flow wp-block-quote-is-layout-flow\">\n<p><\/p>\n\n\n\n<p>&#8222;Wenn man sieht wie gut es einem selbst und vor allem seinen Kindern geht, dann sollte man auch an die denken, die nicht die gleichen M\u00f6glichkeiten haben. Ich unterst\u00fctze gerne Projekte, die schnelle und unkomplizierte Hilfe bringen.&#8220;<\/p>\n<cite>\u2014 Anton, <em>Vereinsgr\u00fcnder und Vorstand<\/em><\/cite><\/blockquote>\n\n\n\n<p><\/p>\n\n\n\n<hr class=\"wp-block-separator has-css-opacity is-style-default\"\/>\n\n\n<div class=\"wp-block-image is-style-rounded\">\n<figure class=\"alignleft size-full is-resized\"><img loading=\"lazy\" decoding=\"async\" src=\"https:\/\/quickhelpalliance.de\/wp-content\/uploads\/2023\/08\/Bild-Tim2.jpg\" alt=\"\" class=\"wp-image-84\" width=\"206\" height=\"211\"\/><\/figure>\n<\/div>\n\n\n<blockquote class=\"wp-block-quote has-text-align-center is-style-large is-layout-flow wp-block-quote-is-layout-flow\">\n<p>\u201eIch liebe unb\u00fcrokratische schnelle Hilfe da wo sie gerade gebraucht wird, Arbeiten mit verschiedenen Menschen und Kulturen ist eine meiner Leidenschaften.\u201c<\/p>\n<cite>\u2013 Tim, <em>Vereinsgr\u00fcnder und Vorstand<\/em><\/cite><\/blockquote>\n\n\n\n<p><\/p>\n\n\n\n<hr class=\"wp-block-separator has-css-opacity is-style-default\"\/>\n\n\n<div class=\"wp-block-image is-style-rounded\">\n<figure class=\"alignright size-medium is-resized\"><img loading=\"lazy\" decoding=\"async\" src=\"https:\/\/quickhelpalliance.de\/wp-content\/uploads\/2023\/08\/Bild-Claudia-300x300.jpg\" alt=\"\" class=\"wp-image-79\" width=\"225\" height=\"225\" srcset=\"https:\/\/quickhelpalliance.de\/wp-content\/uploads\/2023\/08\/Bild-Claudia-300x300.jpg 300w, https:\/\/quickhelpalliance.de\/wp-content\/uploads\/2023\/08\/Bild-Claudia-150x150.jpg 150w, https:\/\/quickhelpalliance.de\/wp-content\/uploads\/2023\/08\/Bild-Claudia.jpg 322w\" sizes=\"auto, (max-width: 225px) 100vw, 225px\" \/><\/figure>\n<\/div>\n\n\n<blockquote class=\"wp-block-quote has-text-align-center is-style-large is-layout-flow wp-block-quote-is-layout-flow\">\n<p>\u201eInteraktion mit Menschen ist meine Kraftquelle. Ich m\u00f6chte etwas weitergeben an diejenigen, denen es nicht so gut geht. Meine St\u00e4rke ist anzupacken und unkomplizierte L\u00f6sungen zu finden.\u201c<\/p>\n<cite>\u2013 Claudia, <em>Erweiterte Gesch\u00e4ftsleitung<\/em><\/cite><\/blockquote>\n\n\n\n<p><\/p>\n\n\n\n<hr class=\"wp-block-separator has-css-opacity is-style-default\"\/>\n\n\n<div class=\"wp-block-image is-style-rounded\">\n<figure class=\"alignleft size-medium is-resized\"><img loading=\"lazy\" decoding=\"async\" src=\"https:\/\/quickhelpalliance.de\/wp-content\/uploads\/2023\/08\/Bild-Julie-300x283.jpg\" alt=\"\" class=\"wp-image-82\" width=\"225\" height=\"212\" srcset=\"https:\/\/quickhelpalliance.de\/wp-content\/uploads\/2023\/08\/Bild-Julie-300x283.jpg 300w, https:\/\/quickhelpalliance.de\/wp-content\/uploads\/2023\/08\/Bild-Julie.jpg 434w\" sizes=\"auto, (max-width: 225px) 100vw, 225px\" \/><\/figure>\n<\/div>\n\n\n<blockquote class=\"wp-block-quote has-text-align-center is-style-large is-layout-flow wp-block-quote-is-layout-flow\">\n<p>&#8222;Ich bringe mein medizinisches Fachwissen mit u.a. HNO-\u00e4rztliche Grundversorgung sowie mein medizinisches und pharmazeutisches Netzwerk gerne ein, um Anderen zu helfen.&#8220;<\/p>\n<cite>\u2014 Julie, <em>Vereinsgr\u00fcnderin und \u00c4rztin<\/em><\/cite><\/blockquote>\n\n\n\n<p><\/p>\n\n\n\n<hr class=\"wp-block-separator has-css-opacity is-style-default\"\/>\n\n\n<div class=\"wp-block-image is-style-rounded\">\n<figure class=\"alignright size-medium is-resized\"><img loading=\"lazy\" decoding=\"async\" src=\"https:\/\/quickhelpalliance.de\/wp-content\/uploads\/2023\/08\/Bild-Philipp-288x300.jpg\" alt=\"\" class=\"wp-image-80\" width=\"216\" height=\"225\" srcset=\"https:\/\/quickhelpalliance.de\/wp-content\/uploads\/2023\/08\/Bild-Philipp-288x300.jpg 288w, https:\/\/quickhelpalliance.de\/wp-content\/uploads\/2023\/08\/Bild-Philipp-982x1024.jpg 982w, https:\/\/quickhelpalliance.de\/wp-content\/uploads\/2023\/08\/Bild-Philipp-768x801.jpg 768w, https:\/\/quickhelpalliance.de\/wp-content\/uploads\/2023\/08\/Bild-Philipp.jpg 985w\" sizes=\"auto, (max-width: 216px) 100vw, 216px\" \/><\/figure>\n<\/div>\n\n\n<blockquote class=\"wp-block-quote has-text-align-center is-style-large is-layout-flow wp-block-quote-is-layout-flow\">\n<p>&#8222;Andere Menschen zu unterst\u00fctzen ist mein Beruf. Privat m\u00f6chte ich meine Expertise und Leidenschaft in Hilfe f\u00fcr andere stecken.&#8220;<\/p>\n<cite>\u2014 Philipp, <em>Vereinsgr\u00fcnder und<\/em> <em>Erweiterter Vorstand<\/em> <\/cite><\/blockquote>\n\n\n\n<p><\/p>\n\n\n\n<hr class=\"wp-block-separator has-css-opacity is-style-default\"\/>\n\n\n<div class=\"wp-block-image is-style-rounded\">\n<figure class=\"alignleft size-medium is-resized\"><img loading=\"lazy\" decoding=\"async\" src=\"https:\/\/quickhelpalliance.de\/wp-content\/uploads\/2023\/08\/Bild-Tanja-2-300x282.jpg\" alt=\"\" class=\"wp-image-90\" width=\"225\" height=\"212\" srcset=\"https:\/\/quickhelpalliance.de\/wp-content\/uploads\/2023\/08\/Bild-Tanja-2-300x282.jpg 300w, https:\/\/quickhelpalliance.de\/wp-content\/uploads\/2023\/08\/Bild-Tanja-2-768x723.jpg 768w, https:\/\/quickhelpalliance.de\/wp-content\/uploads\/2023\/08\/Bild-Tanja-2.jpg 921w\" sizes=\"auto, (max-width: 225px) 100vw, 225px\" \/><\/figure>\n<\/div>\n\n\n<blockquote class=\"wp-block-quote has-text-align-center is-style-large is-layout-flow wp-block-quote-is-layout-flow\">\n<p>&#8222;Ich mache&nbsp; alles gerne rund ums B\u00fcro. Organisieren ist meine Leidenschaft. Ich lebe in einer gl\u00fccklichen Patchwork Family.&#8220;<\/p>\n<cite>\u2014 Tanja, <em>Vereinsgr\u00fcnderin und<\/em> <em>Erweiterter Vorstand<\/em><\/cite><\/blockquote>\n\n\n\n<hr class=\"wp-block-separator has-css-opacity is-style-default\"\/>\n","protected":false},"excerpt":{"rendered":"<p>&#8222;Wenn man sieht wie gut es einem selbst und vor allem seinen Kindern geht, dann sollte man auch an die denken, die nicht die gleichen M\u00f6glichkeiten haben. Ich unterst\u00fctze gerne Projekte, die schnelle und unkomplizierte Hilfe bringen.&#8220; \u2014 Anton, Vereinsgr\u00fcnder und Vorstand \u201eIch liebe unb\u00fcrokratische schnelle Hilfe da wo sie gerade gebraucht wird, Arbeiten mit verschiedenen Menschen und Kulturen ist [&hellip;]<\/p>\n","protected":false},"author":1,"featured_media":0,"parent":0,"menu_order":0,"comment_status":"closed","ping_status":"closed","template":"","meta":{"_eb_attr":"","footnotes":""},"class_list":["post-72","page","type-page","status-publish","hentry"],"_links":{"self":[{"href":"https:\/\/quickhelpalliance.de\/index.php\/wp-json\/wp\/v2\/pages\/72","targetHints":{"allow":["GET"]}}],"collection":[{"href":"https:\/\/quickhelpalliance.de\/index.php\/wp-json\/wp\/v2\/pages"}],"about":[{"href":"https:\/\/quickhelpalliance.de\/index.php\/wp-json\/wp\/v2\/types\/page"}],"author":[{"embeddable":true,"href":"https:\/\/quickhelpalliance.de\/index.php\/wp-json\/wp\/v2\/users\/1"}],"replies":[{"embeddable":true,"href":"https:\/\/quickhelpalliance.de\/index.php\/wp-json\/wp\/v2\/comments?post=72"}],"version-history":[{"count":14,"href":"https:\/\/quickhelpalliance.de\/index.php\/wp-json\/wp\/v2\/pages\/72\/revisions"}],"predecessor-version":[{"id":100,"href":"https:\/\/quickhelpalliance.de\/index.php\/wp-json\/wp\/v2\/pages\/72\/revisions\/100"}],"wp:attachment":[{"href":"https:\/\/quickhelpalliance.de\/index.php\/wp-json\/wp\/v2\/media?parent=72"}],"curies":[{"name":"wp","href":"https:\/\/api.w.org\/{rel}","templated":true}]}}