{"id":3,"date":"2023-07-30T08:58:00","date_gmt":"2023-07-30T08:58:00","guid":{"rendered":"https:\/\/quickhelpalliance.de\/?page_id=3"},"modified":"2023-08-05T10:00:52","modified_gmt":"2023-08-05T10:00:52","slug":"datenschutzinformation","status":"publish","type":"page","link":"https:\/\/quickhelpalliance.de\/index.php\/home\/datenschutzinformation\/","title":{"rendered":"Datenschutzerkl\u00e4rung"},"content":{"rendered":"\t\t<div data-elementor-type=\"wp-page\" data-elementor-id=\"3\" class=\"elementor elementor-3\">\n\t\t\t\t\t\t\t\t\t<section class=\"elementor-section elementor-top-section elementor-element elementor-element-64d671d5 elementor-section-boxed elementor-section-height-default elementor-section-height-default\" data-id=\"64d671d5\" data-element_type=\"section\">\n\t\t\t\t\t\t<div class=\"elementor-container elementor-column-gap-default\">\n\t\t\t\t\t<div class=\"elementor-column elementor-col-100 elementor-top-column elementor-element elementor-element-7ecf9190\" data-id=\"7ecf9190\" data-element_type=\"column\">\n\t\t\t<div class=\"elementor-widget-wrap elementor-element-populated\">\n\t\t\t\t\t\t\t\t<div class=\"elementor-element elementor-element-45779451 elementor-widget elementor-widget-text-editor\" data-id=\"45779451\" data-element_type=\"widget\" data-widget_type=\"text-editor.default\">\n\t\t\t\t<div class=\"elementor-widget-container\">\n\t\t\t<style>\/*! elementor - v3.15.0 - 31-07-2023 *\/\n.elementor-widget-text-editor.elementor-drop-cap-view-stacked .elementor-drop-cap{background-color:#69727d;color:#fff}.elementor-widget-text-editor.elementor-drop-cap-view-framed .elementor-drop-cap{color:#69727d;border:3px solid;background-color:transparent}.elementor-widget-text-editor:not(.elementor-drop-cap-view-default) .elementor-drop-cap{margin-top:8px}.elementor-widget-text-editor:not(.elementor-drop-cap-view-default) .elementor-drop-cap-letter{width:1em;height:1em}.elementor-widget-text-editor .elementor-drop-cap{float:left;text-align:center;line-height:1;font-size:50px}.elementor-widget-text-editor .elementor-drop-cap-letter{display:inline-block}<\/style>\t\t\t\t<p><!-- wp:heading --><\/p>\n<h4>I. Allgemeine Informationen<\/h4>\n<p><!-- \/wp:heading --><\/p>\n<p><!-- wp:paragraph --><\/p>\n<p><strong>Verantwortlicher<br \/><\/strong>Quick Help Alliamce e.V.<br \/>Anschrift: Margaretenstra\u00dfe 54b, D-82152 Krailling<br \/>E-Mail: <a href=\"mailto:datenschutz@drrp.eu\">datenschutz@quickhelpalliance.de<\/a><\/p>\n<p>Der Verantwortliche wird in dieser Datenschutzinformation auch QHA genannt oder mit \u201ewir\u201c bzw. \u201euns\u201c in Bezug genommen.<\/p>\n<p><strong>Anwendungsbereich<br \/><\/strong>Diese Datenschutzerkl\u00e4rung gilt<\/p>\n<ul>\n<li>f\u00fcr die Verarbeitung personenbezogener Daten beim Besuch und bei der Nutzung unserer Webseite <a href=\"http:\/\/www.quickhelpalliance.de\">http:\/\/www.quickhelpalliance.de<\/a> samt Unterseiten, sowie<\/li>\n<li>\n<p>f\u00fcr die Verarbeitung personenbezogener Daten bei QHA im Rahmen unserer satzungsm\u00e4\u00dfigen T\u00e4tigkeit, im Rahmen sonstiger Vertragsbeziehungen von QHA (z.B. mit Kooperationspartnern, externen Dienstleistern und Lieferanten), ebenfalls einschlie\u00dflich der Vertragsanbahnung und im Rahmen sonstiger Korrespondenz oder Kommunikation, soweit hierf\u00fcr nicht eine besondere Datenschutzinformation erteilt worden ist.<\/p>\n<\/li>\n<\/ul>\n<p>Sie dient zur Erf\u00fcllung der Informationspflichten gem\u00e4\u00df der Art. 12-14 der Datenschutz-Grundverordnung (\u201eDSGVO\u201c). Wir behalten uns vor, im Einzelfall erg\u00e4nzende oder abweichende Informationen zu erteilen.<\/p>\n<p><strong>\u00c4nderungen und Aktualisierungen<br \/><\/strong>Wir behalten uns vor, diese Datenschutzerkl\u00e4rung zu \u00e4ndern. Die jeweils aktuelle Fassung kann unter <a href=\"https:\/\/quickhelpalliance.de\/index.php\/home\/datenschutzinformation\/\">https:\/\/quickhelpalliance.de\/index.php\/home\/datenschutzinformation\/<\/a> abgerufen werden.<\/p>\n<p><strong>Betroffenenrechte<br \/><\/strong>Betroffene Personen haben gegen\u00fcber QHA ein Recht auf Auskunft \u00fcber die betreffenden personenbezogenen Daten, ein Recht auf Berichtigung oder L\u00f6schung oder auf Einschr\u00e4nkung der Verarbeitung, ein Widerspruchsrecht gegen die Verarbeitung, und das Recht auf Daten\u00fcbertragbarkeit. Soweit die Verarbeitung auf Artikel 6 Absatz 1 Buchstabe a DSGVO oder auf Artikel 9 Absatz 2 Buchstabe a DSGVO beruht, hat die betroffene Person das Recht, die Einwilligung jederzeit zu widerrufen, ohne dass die Rechtm\u00e4\u00dfigkeit der aufgrund der Einwilligung bis zum Widerruf erfolgten Verarbeitung ber\u00fchrt wird. Gegen\u00fcber QHA k\u00f6nnen diese Betroffenenrechte unter den obigen Kontaktdaten (s. Abschnitt \u201eVerantwortlicher\u201c) geltend gemacht werden.<\/p>\n<p>Daneben hat die betroffene Person das Recht, sich bei einer Aufsichtsbeh\u00f6rde zu beschweren. F\u00fcr den Verantwortlichen ist folgende Aufsichtsbeh\u00f6rde zust\u00e4ndig: Bayerisches Landesamt f\u00fcr Datenschutzaufsicht, Postanschrift: Postfach 1349, D-91504 Ansbach, E-Mail: <a href=\"mailto:poststelle@lda.bayern.de\">poststelle@lda.bayern.de<\/a>, Webseite: <a href=\"https:\/\/www.lda.bayern.de\/\">https:\/\/www.lda.bayern.de<\/a>. F\u00fcr Online-Beschwerden besteht ein <a href=\"https:\/\/www.lda.bayern.de\/de\/beschwerde.html\">Beschwerdeformular<\/a>.<\/p>\n<p><strong>Verarbeitungszwecke<br \/><\/strong>Die bei QHA verfolgten ma\u00dfgeblichen Verarbeitungszwecke werden in den Abschnitten II, III und IV dieser Datenschutzerkl\u00e4rung genannt.<strong>\u00a0<\/strong><\/p>\n<p><strong>Rechtsgrundlagen f\u00fcr die Verarbeitung<br \/><\/strong>Die Rechtsgrundlagen f\u00fcr die bei uns erfolgenden ma\u00dfgeblichen Verarbeitungsvorg\u00e4nge werden in den Abschnitten II, III und IV dieser Datenschutzinformation genannt. Soweit eine Verarbeitung auf Grundlage von Art. 6 Abs. 1 Unterabs. 1 lit. f DSGVO erfolgt, wird in Abschnitt II und III auch das jeweilige berechtigte Interesse von QHA genannt.<\/p>\n<p><strong>Kategorien von Empf\u00e4ngern<br \/><\/strong>Direkten Zugriff auf die erhobenen und gespeicherten personenbezogenen Daten haben nur Mitarbeiter von QHA und ausgew\u00e4hlte Mitarbeiter unserer externen Dienstleister im Rahmen von Auftragsverarbeitungsvereinbarungen. Eine \u00dcbermittlung der personenbezogenen Daten an ein Drittland au\u00dferhalb des Europ\u00e4ischen Wirtschaftsraumes, zu dem kein Angemessenheitsbeschluss der Europ\u00e4ischen Kommission gem\u00e4\u00df Art. 45 Abs. 1 Satz 1 DSGVO vorliegt, ist nicht beabsichtigt.<\/p>\n<p>Folgende Kategorien externer Stellen erhalten im Rahmen einer Auftragsverarbeitungsvereinbarung Zugriff auf personenbezogene Daten:<\/p>\n<ul>\n<li>Dienstleister f\u00fcr Telefonie<\/li>\n<li>Dienstleister f\u00fcr IT-Support<\/li>\n<li>Dienstleister f\u00fcr Serverhosting<\/li>\n<li>Dienstleister f\u00fcr Cloud Computing<\/li>\n<li>Dienstleister f\u00fcr Akten- und Datenvernichtung<\/li>\n<\/ul>\n<p>Soweit eine Weitergabe ausgew\u00e4hlter personenbezogener Daten an weitere externe Stellen beabsichtigt ist, wird hierauf in den Abschnitten II, III und IV im jeweiligen Verarbeitungszusammenhang hingewiesen.<\/p>\n<p><strong>Verarbeitungsdauer<br \/><\/strong>Die personenbezogenen Daten werden bei uns solange verarbeitet, wie sie zur Erf\u00fcllung des jeweils festgelegten Verarbeitungszwecks ben\u00f6tigt werden. Die Speicherdauer kann sich aufgrund gesetzlich vorgeschriebener Aufbewahrungspflichten verl\u00e4ngern. Die derzeit g\u00fcltigen Speicherdauern k\u00f6nnen Sie den verarbeitungsbezogenen Angaben in den Abschnitten II, III und IV entnehmen.<\/p>\n<p><strong>Erforderlichkeit der Bereitstellung<br \/><\/strong>Die Bereitstellung der personenbezogenen Daten erfolgt grunds\u00e4tzlich freiwillig.<\/p>\n<p>Ohne die Bereitstellung solcher Daten kann die Nutzung unseres Angebots (z.B. der Webseite) aber eingeschr\u00e4nkt oder unm\u00f6glich sein.<\/p>\n<p>Aus dem Mandatsverh\u00e4ltnis heraus kann die Verarbeitung personenbezogener Daten von den in Abschnitt II unter a) bis m) genannten Personengruppen erforderlich sein, beispielsweise zur sachgem\u00e4\u00dfen Prozessf\u00fchrung.<\/p>\n<p>Soweit potenzielle Vertragspartner nicht bereit sind, uns die angefragten personenbezogenen Daten bereitzustellen, kann es sein, dass uns die Begr\u00fcndung des Vertragsverh\u00e4ltnisses oder der Abschluss eines sonstigen Vertrages nicht m\u00f6glich ist. Soweit Spender nicht bereit sind, uns die angefragten personenbezogenen Daten bereitzustellen, kann es sein, dass es uns nicht m\u00f6glich ist Spendennachweise auszustellen.<strong>\u00a0<\/strong><\/p>\n<p><strong>Automatisierte Entscheidungsfindung einschlie\u00dflich Profiling<br \/><\/strong>Eine automatisierte Entscheidungsfindung einschlie\u00dflich Profiling findet bei uns nicht statt. Insbesondere setzen wir keine Cookies oder andere Hilfsmittel ein, um das pers\u00f6nliche Klickverhalten der Webseitenbesucher zu analysieren oder Nutzerprofile zu erstellen.<\/p>\n<h4><strong>III. Verarbeitung personenbezogener Daten bei der Entgegennahme von Spenden und im Rahmen von Vertragsverh\u00e4ltnissen und Vertragsanbahnungen, im Rahmen der Korrespondenz und Kommunikation, sowie aufgrund sonstiger Ereignisse<\/strong><\/h4>\n<p>Bei der Entgegenname von Spenden, im Rahmen von Vertragsverh\u00e4ltnissen und Vertragsanbahnungen, im Rahmen der Korrespondenz und Kommunikation, sowie aufgrund sonstiger Ereignisse verarbeiten wir personenbezogene Daten von Spendern, (potenziellen) Vertragspartnern (Dienstleistern, Lieferanten, Handwerkern etc.) und deren Mitarbeitern, sowie situativ auch von anderen nat\u00fcrlichen Personen, deren Speicherung f\u00fcr eine ordnungsgem\u00e4\u00dfe und effektive Aufrechterhaltung des Gesch\u00e4ftsbetriebs von QHA erforderlich ist.<\/p>\n<p>Nachfolgend erfolgen Angaben zu den Zwecken der Verarbeitung, den betroffenen Personengruppen, den betroffenen Kategorien personenbezogener Daten, den Rechtsgrundlagen f\u00fcr die Verarbeitung, und der voraussichtlichen Speicherdauer:<\/p>\n<ul>\n<li><strong>Zweck: Entgegennahme von Spenden<br \/><\/strong><\/li>\n<\/ul>\n<p style=\"padding-left: 40px;\">Personengruppen: Spender<\/p>\n<p style=\"padding-left: 40px;\">Kategorien: Vor- und Nachname, Kontaktdaten, Kontodaten<\/p>\n<p style=\"padding-left: 40px;\">Rechtsgrundlage: Art. 6 Abs. 1 Unterabs. 1 lit. b\u00a0 und lit. c DSGVO<\/p>\n<p style=\"padding-left: 40px;\">Speicherdauer: bis zum Ablauf der gesetzlichen Aufbewahrungsfristen<\/p>\n<ul>\n<li><strong>Zweck: Durchf\u00fchrung vorvertraglicher Ma\u00dfnahmen<\/strong>, einschlie\u00dflich vorvertraglicher Kommunikation<\/li>\n<\/ul>\n<p style=\"padding-left: 40px;\">Personengruppen: (potenzielle) Vertragspartner (Dienstleister, Lieferanten, Handwerker etc.) und deren Mitarbeiter<\/p>\n<p style=\"padding-left: 40px;\">Kategorien: Vor- und Nachname, Kontaktdaten, Funktion, Korrespondenz, Telefonnotizen<\/p>\n<p style=\"padding-left: 40px;\">Rechtsgrundlage: Art. 6 Abs. 1 Unterabs. 1 lit. b DSGVO<\/p>\n<p style=\"padding-left: 40px;\">Speicherdauer: bis zur Beendigung der vorvertraglichen Ma\u00dfnahmen<\/p>\n<ul>\n<li><strong>Erf\u00fcllung von Vertr\u00e4gen mit unseren Vertragspartnern<\/strong> einschlie\u00dflich diesbez\u00fcglicher Kommunikation, Leistungsaustausch und Zahlungsabwicklung<\/li>\n<\/ul>\n<p style=\"padding-left: 40px;\">Personengruppen: Vertragspartner (Dienstleister, Lieferanten, Handwerker etc.) und deren Mitarbeiter<\/p>\n<p style=\"padding-left: 40px;\">Kategorien: Vor- und Nachname, Kontaktdaten, Funktion, Korrespondenz, Telefonnotizen, Rechnungsdaten, Zahlungsdaten<\/p>\n<p style=\"padding-left: 40px;\">Rechtsgrundlage: Art. 6 Abs. 1 Unterabs. 1 lit. b DSGVO<\/p>\n<p style=\"padding-left: 40px;\">Speicherdauer: bis zum Ablauf der gesetzlichen Aufbewahrungsfristen, ggf. dar\u00fcber hinaus bis zum Ablauf etwaiger Garantien, Gew\u00e4hrleistungsfristen oder Verj\u00e4hrungsfristen (bis zu 30 Jahre nach Anspruchsentstehung)<\/p>\n<ul>\n<li><strong>Zweck: Erf\u00fcllung der Pflichten zur ordnungsgem\u00e4\u00dfen Rechnungslegung und Buchf\u00fchrung<br \/><\/strong><\/li>\n<\/ul>\n<p style=\"padding-left: 40px;\">Personengruppen: Vertragspartner (Dienstleister, Lieferanten, Handwerker etc.) und deren Mitarbeiter<\/p>\n<p style=\"padding-left: 40px;\">Kategorien: Rechnungsdaten, Spendendaten<\/p>\n<p style=\"padding-left: 40px;\">Rechtsgrundlage: Art. 6 Abs. 1 Unterabs. 1 lit. c DSGVO<\/p>\n<p style=\"padding-left: 40px;\">Speicherdauer: bis zum Ablauf der gesetzlichen Aufbewahrungspflicht<\/p>\n<p style=\"padding-left: 40px;\">Weitergabe an externe Stellen: Steuerberater<\/p>\n<ul>\n<li><strong>Zweck: Erf\u00fcllung gesetzlicher Aufbewahrungspflichten<\/strong><\/li>\n<\/ul>\n<p style=\"padding-left: 40px;\">Personengruppen: unterschiedlich, vgl. die Verarbeitungszwecke in diesem Abschnitt<\/p>\n<p style=\"padding-left: 40px;\">Kategorien: unterschiedlich, vgl. die Verarbeitungszwecke in diesem Abschnitt<\/p>\n<p style=\"padding-left: 40px;\">Rechtsgrundlage: Art. 6 Abs. 1 Unterabs. 1 lit. c DSGVO<\/p>\n<p style=\"padding-left: 40px;\">Speicherdauer: je nach gesetzlicher Bestimmung zur Aufbewahrungspflicht, s. Abschnitt I<\/p>\n<ul>\n<li><strong>Darlegungs- und Beweiszwecke<\/strong> bei der Wahrung berechtigter InteressenQHA, insbesondere: Geltendmachung eigener Anspr\u00fcche QHA<\/li>\n<\/ul>\n<p style=\"padding-left: 40px;\">Personengruppen: (potenzielle) Vertragspartner, deren Mitarbeiter und sonstige Dritte<\/p>\n<p style=\"padding-left: 40px;\">Kategorien: je nach Beweisrelevanz alle erdenklichen personenbezogenen Daten, insbesondere Vor- und Nachnamen und Kontaktdaten<\/p>\n<p style=\"padding-left: 40px;\">Rechtsgrundlage: Art. 6 Abs. 1 Unterabs. 1 lit. f DSGVO<\/p>\n<p style=\"padding-left: 40px;\">Speicherdauer: bis zur Beendigung der betreffenden Rechtsstreitigkeiten oder bis zum Ablauf m\u00f6glicher Verj\u00e4hrungsfristen betreffend etwaige Anspr\u00fcche QHA gegen (potenzielle) Vertragspartner und sonstige Dritte und betreffend etwaige Anspr\u00fcche des Gegners (bis zu 30 Jahre nach Anspruchsentstehung, vgl. \u00a7 199 BGB)<\/p>\n<p style=\"padding-left: 40px;\">Weitergabe an externe Stellen: je nach Einzelfall an den Gegner in (potenziellen) Rechtsstreitigkeiten und dessen Mitarbeiter, Vertreter und\/oder Berater des Gegners und deren Mitarbeiter, Mitarbeiter von Versicherern, Sachverst\u00e4ndige und deren Mitarbeiter, Personen, die als Zeugen in Frage kommen, und deren Beist\u00e4nde, sonstige Fachleute und Auskunftspersonen einschlie\u00dflich deren Vertreter und\/oder Mitarbeiter, Richter, Rechtspfleger und sonstige Bedienstete an Gerichten<\/p>\n<ul>\n<li><strong>Sonstige, im Einzelfall auftretende Zwecke<\/strong><\/li>\n<\/ul>\n<p style=\"padding-left: 40px;\">Im Einzelfall k\u00f6nnen weitere Zwecke f\u00fcr eine Verarbeitung personenbezogener Daten auftreten. Hiervon k\u00f6nnen alle erdenklichen Personengruppen mit allen erdenklichen Kategorien personenbezogener Daten betroffen sein. Eine Verarbeitung dieser Daten erfolgt nur, soweit eine Rechtsgrundlage gem\u00e4\u00df Art. 6 Abs. 1 Unterabs. 1 DSGVO hierf\u00fcr besteht, und nur im Rahmen der festgelegten Zwecksetzung. Dabei wird das Gebot der Datenminimierung (Datensparsamkeit) beachtet, und zwar sowohl im Hinblick auf die Menge der erhobenen und gespeicherten Daten, als auch im Hinblick auf deren Speicherdauer.<\/p>\n<p><!-- \/wp:paragraph --><\/p>\n<p><!-- wp:heading --><\/p>\n<h4>III. Verarbeitung beim Besuch unserer Webseite<\/h4>\n<p>Beim \u00d6ffnen unserer Webseite und\/oder ihrer Unterseiten werden folgende personenbezogene Daten verarbeitet:<\/p>\n<ul>\n<li>Datum und Uhrzeit der Anforderung<\/li>\n<li>Name der angeforderten Datei<\/li>\n<li>Seite, von der aus die Datei angefordert wurde<\/li>\n<li>Zugriffsstatus (Datei \u00fcbertragen, Datei nicht gefunden, etc.)<\/li>\n<li>verwendeter Webbrowser und verwendetes Betriebssystem<\/li>\n<li>vollst\u00e4ndige IP-Adresse des anfordernden Rechners<\/li>\n<li>\u00fcbertragene Datenmenge<\/li>\n<\/ul>\n<p>Diese Daten werden von uns kurzzeitig gespeichert. Nach sp\u00e4testens sieben Tagen werden die Daten durch Verk\u00fcrzung der IP-Adresse auf Domain-Ebene anonymisiert, so dass es nicht mehr m\u00f6glich ist, einen Bezug zum einzelnen Nutzer herzustellen. In anonymisierter Form k\u00f6nnen die Daten zu statistischen Zwecken verarbeitet werden; ein Abgleich mit anderen Datenbest\u00e4nden oder eine Weitergabe an Dritte, auch in Ausz\u00fcgen, findet nicht statt.<\/p>\n<p>Die Verarbeitung erfolgt gem\u00e4\u00df Art. 6 Abs. 1 lit. f DSGVO aufgrund unseres berechtigten Interesses an der technischen Sicherheit, insbesondere an der Abwehr von Angriffsversuchen auf unseren Webserver, sowie an der Verbesserung der Stabilit\u00e4t und Funktionalit\u00e4t unserer Webseite.<\/p>\n<p><!-- \/wp:heading --><\/p>\n<p><!-- wp:paragraph --><\/p>\n<p><!-- \/wp:paragraph --><\/p>\n<p><!-- wp:heading --><\/p>\n<h4>IV. Cookies, Plugins etc.<\/h4>\n<p><!-- \/wp:heading --><\/p>\n<p><!-- wp:paragraph --><\/p>\n<p>Einzelheiten zum Cookie-Einsatz beim Besuch unserer Webseite sowie zur \u00c4nderung Ihrer Cookie-Einstellugnen finden Sie in unserer Cookie-Richtlinie unter <a href=\"https:\/\/quickhelpalliance.de\/index.php\/home\/cookie-richtlinie\/\">https:\/\/quickhelpalliance.de\/index.php\/home\/cookie-richtlinie\/<\/a>.<\/p>\n<div>\n<p>Unsere Website verwendet die Privacy Suite f\u00fcr WordPress von Complianz, um browser- und ger\u00e4tebasierte Einwilligungen zu sammeln und<br \/>aufzuzeichnen. F\u00fcr diese Funktion wird Ihre IP-Adresse anonymisiert und in unserer Datenbank gespeichert.\u00a0Dieser Dienst verarbeitet keine<br \/>pers\u00f6nlich identifizierbaren Informationen und gibt keine Daten an den Dienstanbieter weiter.\u00a0Weitere Informationen finden Sie in der\u00a0 Complianz <a href=\"https:\/\/complianz.io\/legal\/privacy-statement\/\">Datenschutzerkl\u00e4rung<\/a>.<\/p>\n<\/div>\n<p><!-- \/wp:paragraph --><\/p>\n<p><!-- wp:heading --><\/p>\n<h2>\u00a0<\/h2>\n<p><!-- \/wp:heading --><\/p>\n<p>\u00a0<\/p>\t\t\t\t\t\t<\/div>\n\t\t\t\t<\/div>\n\t\t\t\t\t<\/div>\n\t\t<\/div>\n\t\t\t\t\t\t\t<\/div>\n\t\t<\/section>\n\t\t\t\t\t\t\t<\/div>\n\t\t","protected":false},"excerpt":{"rendered":"<p>I. Allgemeine Informationen VerantwortlicherQuick Help Alliamce e.V.Anschrift: Margaretenstra\u00dfe 54b, D-82152 KraillingE-Mail: datenschutz@quickhelpalliance.de Der Verantwortliche wird in dieser Datenschutzinformation auch QHA genannt oder mit \u201ewir\u201c bzw. \u201euns\u201c in Bezug genommen. AnwendungsbereichDiese Datenschutzerkl\u00e4rung gilt f\u00fcr die Verarbeitung personenbezogener Daten beim Besuch und bei der Nutzung unserer Webseite http:\/\/www.quickhelpalliance.de samt Unterseiten, sowie f\u00fcr die Verarbeitung personenbezogener Daten bei QHA im Rahmen unserer satzungsm\u00e4\u00dfigen [&hellip;]<\/p>\n","protected":false},"author":1,"featured_media":0,"parent":2,"menu_order":0,"comment_status":"closed","ping_status":"closed","template":"","meta":{"_eb_attr":"","footnotes":""},"class_list":["post-3","page","type-page","status-publish","hentry"],"_links":{"self":[{"href":"https:\/\/quickhelpalliance.de\/index.php\/wp-json\/wp\/v2\/pages\/3","targetHints":{"allow":["GET"]}}],"collection":[{"href":"https:\/\/quickhelpalliance.de\/index.php\/wp-json\/wp\/v2\/pages"}],"about":[{"href":"https:\/\/quickhelpalliance.de\/index.php\/wp-json\/wp\/v2\/types\/page"}],"author":[{"embeddable":true,"href":"https:\/\/quickhelpalliance.de\/index.php\/wp-json\/wp\/v2\/users\/1"}],"replies":[{"embeddable":true,"href":"https:\/\/quickhelpalliance.de\/index.php\/wp-json\/wp\/v2\/comments?post=3"}],"version-history":[{"count":22,"href":"https:\/\/quickhelpalliance.de\/index.php\/wp-json\/wp\/v2\/pages\/3\/revisions"}],"predecessor-version":[{"id":126,"href":"https:\/\/quickhelpalliance.de\/index.php\/wp-json\/wp\/v2\/pages\/3\/revisions\/126"}],"up":[{"embeddable":true,"href":"https:\/\/quickhelpalliance.de\/index.php\/wp-json\/wp\/v2\/pages\/2"}],"wp:attachment":[{"href":"https:\/\/quickhelpalliance.de\/index.php\/wp-json\/wp\/v2\/media?parent=3"}],"curies":[{"name":"wp","href":"https:\/\/api.w.org\/{rel}","templated":true}]}}