{"id":205,"date":"2024-12-20T10:01:33","date_gmt":"2024-12-20T10:01:33","guid":{"rendered":"https:\/\/quickhelpalliance.de\/?page_id=205"},"modified":"2024-12-20T11:01:10","modified_gmt":"2024-12-20T11:01:10","slug":"kreativtueten-fuer-gemeinschaftsunterkuenfte","status":"publish","type":"page","link":"https:\/\/quickhelpalliance.de\/index.php\/projekte\/kreativtueten-fuer-gemeinschaftsunterkuenfte\/","title":{"rendered":"Kreativt\u00fcten"},"content":{"rendered":"\n<p>Zum Jahresende konnten wir eine Aktion in Zusammenarbeit mit Heidje und Carsten Reinhard von <a href=\"http:\/\/www.einschoenerort.de\">www.einschoenerort.de<\/a> starten.<\/p>\n\n\n\n<p>In 8 Gemeinschaftsunterk\u00fcnften (Andechs, P\u00f6cking, Seefeld, Gilching, Gauting, We\u00dfling, Krailing, Stockdorf) verteilten wir 212 \u201eKreativt\u00fcten\u201c an die Kinder.<\/p>\n\n\n\n<p>Die Unterk\u00fcnfte werden alle durch die Regierung von Oberbayern gef\u00fchrt und von der Fl\u00fcchtlings- und Integrationsberatung der Diakonie M\u00fcnchen und Oberbayern betreut.<\/p>\n\n\n\n<p>Ein gro\u00dfes Dankesch\u00f6n geht an die Regionalleitung Frau Stefanie Peters, an Frau Najiba Besmel und ihren Kolleginnen, die sich um die Verteilung der T\u00fcten gek\u00fcmmert haben.<\/p>\n\n\n\n<figure class=\"wp-block-image size-large is-resized\"><img loading=\"lazy\" decoding=\"async\" width=\"768\" height=\"1024\" src=\"https:\/\/quickhelpalliance.de\/wp-content\/uploads\/2024\/12\/IMG_8678-1-768x1024.jpg\" alt=\"\" class=\"wp-image-206\" style=\"width:209px;height:auto\" srcset=\"https:\/\/quickhelpalliance.de\/wp-content\/uploads\/2024\/12\/IMG_8678-1-768x1024.jpg 768w, https:\/\/quickhelpalliance.de\/wp-content\/uploads\/2024\/12\/IMG_8678-1-225x300.jpg 225w, https:\/\/quickhelpalliance.de\/wp-content\/uploads\/2024\/12\/IMG_8678-1-1152x1536.jpg 1152w, https:\/\/quickhelpalliance.de\/wp-content\/uploads\/2024\/12\/IMG_8678-1-1536x2048.jpg 1536w, https:\/\/quickhelpalliance.de\/wp-content\/uploads\/2024\/12\/IMG_8678-1-scaled.jpg 1920w\" sizes=\"auto, (max-width: 768px) 100vw, 768px\" \/><\/figure>\n\n\n\n<figure class=\"wp-block-image size-large is-resized\"><img loading=\"lazy\" decoding=\"async\" width=\"768\" height=\"1024\" src=\"https:\/\/quickhelpalliance.de\/wp-content\/uploads\/2024\/12\/IMG_8680-1-768x1024.jpg\" alt=\"\" class=\"wp-image-208\" style=\"width:212px;height:auto\" srcset=\"https:\/\/quickhelpalliance.de\/wp-content\/uploads\/2024\/12\/IMG_8680-1-768x1024.jpg 768w, https:\/\/quickhelpalliance.de\/wp-content\/uploads\/2024\/12\/IMG_8680-1-225x300.jpg 225w, https:\/\/quickhelpalliance.de\/wp-content\/uploads\/2024\/12\/IMG_8680-1-1152x1536.jpg 1152w, https:\/\/quickhelpalliance.de\/wp-content\/uploads\/2024\/12\/IMG_8680-1-1536x2048.jpg 1536w, https:\/\/quickhelpalliance.de\/wp-content\/uploads\/2024\/12\/IMG_8680-1-scaled.jpg 1920w\" sizes=\"auto, (max-width: 768px) 100vw, 768px\" \/><\/figure>\n\n\n\n<p><\/p>\n","protected":false},"excerpt":{"rendered":"<p>Zum Jahresende konnten wir eine Aktion in Zusammenarbeit mit Heidje und Carsten Reinhard von www.einschoenerort.de starten. In 8 Gemeinschaftsunterk\u00fcnften (Andechs, P\u00f6cking, Seefeld, Gilching, Gauting, We\u00dfling, Krailing, Stockdorf) verteilten wir 212 \u201eKreativt\u00fcten\u201c an die Kinder. Die Unterk\u00fcnfte werden alle durch die Regierung von Oberbayern gef\u00fchrt und von der Fl\u00fcchtlings- und Integrationsberatung der Diakonie M\u00fcnchen und Oberbayern betreut. Ein gro\u00dfes Dankesch\u00f6n geht [&hellip;]<\/p>\n","protected":false},"author":1,"featured_media":207,"parent":118,"menu_order":0,"comment_status":"closed","ping_status":"closed","template":"","meta":{"_eb_attr":"","footnotes":""},"class_list":["post-205","page","type-page","status-publish","has-post-thumbnail","hentry"],"_links":{"self":[{"href":"https:\/\/quickhelpalliance.de\/index.php\/wp-json\/wp\/v2\/pages\/205","targetHints":{"allow":["GET"]}}],"collection":[{"href":"https:\/\/quickhelpalliance.de\/index.php\/wp-json\/wp\/v2\/pages"}],"about":[{"href":"https:\/\/quickhelpalliance.de\/index.php\/wp-json\/wp\/v2\/types\/page"}],"author":[{"embeddable":true,"href":"https:\/\/quickhelpalliance.de\/index.php\/wp-json\/wp\/v2\/users\/1"}],"replies":[{"embeddable":true,"href":"https:\/\/quickhelpalliance.de\/index.php\/wp-json\/wp\/v2\/comments?post=205"}],"version-history":[{"count":3,"href":"https:\/\/quickhelpalliance.de\/index.php\/wp-json\/wp\/v2\/pages\/205\/revisions"}],"predecessor-version":[{"id":219,"href":"https:\/\/quickhelpalliance.de\/index.php\/wp-json\/wp\/v2\/pages\/205\/revisions\/219"}],"up":[{"embeddable":true,"href":"https:\/\/quickhelpalliance.de\/index.php\/wp-json\/wp\/v2\/pages\/118"}],"wp:featuredmedia":[{"embeddable":true,"href":"https:\/\/quickhelpalliance.de\/index.php\/wp-json\/wp\/v2\/media\/207"}],"wp:attachment":[{"href":"https:\/\/quickhelpalliance.de\/index.php\/wp-json\/wp\/v2\/media?parent=205"}],"curies":[{"name":"wp","href":"https:\/\/api.w.org\/{rel}","templated":true}]}}