{"id":2,"date":"2023-07-30T08:58:00","date_gmt":"2023-07-30T08:58:00","guid":{"rendered":"https:\/\/quickhelpalliance.de\/?page_id=2"},"modified":"2023-08-05T08:30:43","modified_gmt":"2023-08-05T08:30:43","slug":"home","status":"publish","type":"page","link":"https:\/\/quickhelpalliance.de\/","title":{"rendered":"Mission"},"content":{"rendered":"\n<p class=\"has-white-background-color has-background\"><strong>Quick Help Alliance e.V. ist ein gemeinn\u00fctziger Verein, der sich zur Aufgabe gemacht hat, Menschen in Not schnell und effektiv zu unterst\u00fctzen, insbesondere in Krisengebieten, aber auch in anderen Regionen, wo Hilfe dringend ben\u00f6tigt wird. Unser Fokus liegt auf der Bereitstellung unmittelbarer Unterst\u00fctzung durch die Lieferung von lebenswichtigen Hilfsg\u00fctern wie Medikamenten und Nahrungsmitteln.<\/strong><\/p>\n\n\n\n<hr class=\"wp-block-separator has-alpha-channel-opacity is-style-dots\"\/>\n\n\n\n<p>Unser oberstes Ziel ist es, rasch und unmittelbar dort Hilfe zu leisten, wo sie am dringendsten gebraucht wird. Wir verstehen, dass in Notsituationen jeder Moment z\u00e4hlt, und deshalb setzen wir alles daran, unseren Mitmenschen in kritischen Momenten beizustehen. Doch nicht nur in akuten Krisen reichen wir die Hand. Auch in anderen Bereichen wollen wir helfen, indem wir Bildungsprojekte unterst\u00fctzen, insbesondere f\u00fcr junge Menschen. Wir glauben fest daran, dass Bildung der Schl\u00fcssel zur Chancengleichheit ist und setzen uns daf\u00fcr ein, dass auch benachteiligte Jugendliche Zugang zu Bildungsm\u00f6glichkeiten erhalten.<\/p>\n\n\n\n<hr class=\"wp-block-separator has-alpha-channel-opacity is-style-dots\"\/>\n\n\n\n<p>Bei Quick Help Alliance e.V. ist unser Ansatz klar: Wir wollen, dass m\u00f6glichst 100% der geleisteten Spenden direkt bei den Hilfsbed\u00fcrftigen ankommen. Deshalb arbeiten wir eng mit einem breiten Netzwerk aus Unterst\u00fctzern aus dem privaten Umfeld und der Wirtschaft sowie freiwilligen Helfern zusammen. Durch diese starke Gemeinschaft sind wir in der Lage, unb\u00fcrokratische und schnelle Hilfe zu leisten, ohne gro\u00dfe Verwaltungskosten oder unn\u00f6tige b\u00fcrokratische H\u00fcrden.<\/p>\n\n\n\n<p><\/p>\n\n\n\n<hr class=\"wp-block-separator has-alpha-channel-opacity is-style-default\"\/>\n\n\n\n<p><strong>Wie Sie helfen k\u00f6nnen:<\/strong><\/p>\n\n\n\n<p>Sie k\u00f6nnen uns dabei unterst\u00fctzen, unsere wichtige Arbeit fortzuf\u00fchren und weiter auszubauen. Ihre Spenden sind unmittelbar wirksam und helfen uns, Menschen in Not schnell zu erreichen. Dar\u00fcber hinaus freuen wir uns \u00fcber jede Form der Unterst\u00fctzung, sei es ehrenamtliche Mitarbeit oder das Teilen unserer Mission in Ihrem pers\u00f6nlichen Umfeld und den sozialen Medien.<\/p>\n\n\n\n<p><strong>Gemeinsam f\u00fcr eine bessere Welt:<\/strong><\/p>\n\n\n\n<p>Wir bei Quick Help Alliance e.V. glauben fest daran, dass wir gemeinsam eine bessere Welt schaffen k\u00f6nnen. Jeder Beitrag, sei er noch so klein, kann einen gro\u00dfen Unterschied machen und das Leben von Menschen in Not nachhaltig verbessern. Lassen Sie uns zusammenstehen und mit vereinten Kr\u00e4ften schnelle und unb\u00fcrokratische Hilfe leisten.<\/p>\n","protected":false},"excerpt":{"rendered":"<p>Quick Help Alliance e.V. ist ein gemeinn\u00fctziger Verein, der sich zur Aufgabe gemacht hat, Menschen in Not schnell und effektiv zu unterst\u00fctzen, insbesondere in Krisengebieten, aber auch in anderen Regionen, wo Hilfe dringend ben\u00f6tigt wird. Unser Fokus liegt auf der Bereitstellung unmittelbarer Unterst\u00fctzung durch die Lieferung von lebenswichtigen Hilfsg\u00fctern wie Medikamenten und Nahrungsmitteln. Unser oberstes Ziel ist es, rasch und [&hellip;]<\/p>\n","protected":false},"author":1,"featured_media":0,"parent":0,"menu_order":0,"comment_status":"closed","ping_status":"closed","template":"","meta":{"_eb_attr":"","footnotes":""},"class_list":["post-2","page","type-page","status-publish","hentry"],"_links":{"self":[{"href":"https:\/\/quickhelpalliance.de\/index.php\/wp-json\/wp\/v2\/pages\/2","targetHints":{"allow":["GET"]}}],"collection":[{"href":"https:\/\/quickhelpalliance.de\/index.php\/wp-json\/wp\/v2\/pages"}],"about":[{"href":"https:\/\/quickhelpalliance.de\/index.php\/wp-json\/wp\/v2\/types\/page"}],"author":[{"embeddable":true,"href":"https:\/\/quickhelpalliance.de\/index.php\/wp-json\/wp\/v2\/users\/1"}],"replies":[{"embeddable":true,"href":"https:\/\/quickhelpalliance.de\/index.php\/wp-json\/wp\/v2\/comments?post=2"}],"version-history":[{"count":15,"href":"https:\/\/quickhelpalliance.de\/index.php\/wp-json\/wp\/v2\/pages\/2\/revisions"}],"predecessor-version":[{"id":123,"href":"https:\/\/quickhelpalliance.de\/index.php\/wp-json\/wp\/v2\/pages\/2\/revisions\/123"}],"wp:attachment":[{"href":"https:\/\/quickhelpalliance.de\/index.php\/wp-json\/wp\/v2\/media?parent=2"}],"curies":[{"name":"wp","href":"https:\/\/api.w.org\/{rel}","templated":true}]}}