{"id":143,"date":"2023-08-06T08:47:35","date_gmt":"2023-08-06T08:47:35","guid":{"rendered":"https:\/\/quickhelpalliance.de\/?page_id=143"},"modified":"2023-10-24T06:24:46","modified_gmt":"2023-10-24T06:24:46","slug":"ukraine","status":"publish","type":"page","link":"https:\/\/quickhelpalliance.de\/index.php\/projekte\/ukraine\/","title":{"rendered":"Slowjansk, UKRAINE"},"content":{"rendered":"\n<div class=\"wp-block-group alignfull has-vivid-green-cyan-background-color has-background\" style=\"padding-top:6vw;padding-right:6vw;padding-bottom:6vw;padding-left:6vw\"><div class=\"wp-block-group__inner-container is-layout-flow wp-block-group-is-layout-flow\">\n<div class=\"wp-block-group is-vertical is-nowrap is-layout-flex wp-container-core-group-is-layout-287ef9cb wp-block-group-is-layout-flex\" style=\"padding-right:0;padding-left:0\">\n<h6 class=\"wp-block-heading has-text-color\" id=\"ecosystem\" style=\"color:#000000;font-size:16px\">Hilfe in Krisengebiten<\/h6>\n\n\n\n<p class=\"has-text-color\" style=\"color:#000000;font-size:6vw;font-style:normal;font-weight:700;letter-spacing:0px;line-height:0.9;text-decoration:none;text-transform:none\"><sub>Gemeinsam im Kriegsgebiet verbliebenen Menschen helfen.<\/sub><\/p>\n<\/div>\n\n\n\n<div style=\"height:1vw\" aria-hidden=\"true\" class=\"wp-block-spacer\"><\/div>\n\n\n\n<div class=\"wp-block-group alignwide is-vertical is-nowrap is-layout-flex wp-container-core-group-is-layout-8171334d wp-block-group-is-layout-flex\" style=\"padding-top:0;padding-right:0;padding-bottom:0;padding-left:0\">\n<div class=\"wp-block-columns alignwide is-layout-flex wp-container-core-columns-is-layout-2656d967 wp-block-columns-is-layout-flex\">\n<div class=\"wp-block-column is-layout-flow wp-block-column-is-layout-flow\" style=\"flex-basis:33.38%\">\n<p>Seit \u00fcber einem Jahr herrscht Krieg in der Ukraine. Das gr\u00f6\u00dfte Leid sp\u00fcrt die Zivilbev\u00f6lkerung. Unz\u00e4hlige von ihnen harren teilweise seit Wochen und Monaten in Kellern aus, um sich vor den Angriffen der russischen Streitkr\u00e4fte zu sch\u00fctzen. Die Frontlinie ist dynamisch und verschiebt sich st\u00e4ndig.<\/p>\n\n\n\n<p>Einige Menschen wollen ihr Zuhause schlichtweg nicht verlassen, sie haben Angst oder sind oftmals aufgrund ihres Alters oder einer Krankheit zu schwach, um die Flucht zu wagen.<\/p>\n\n\n\n<p><\/p>\n<\/div>\n\n\n\n<div class=\"wp-block-column is-layout-flow wp-block-column-is-layout-flow\" style=\"flex-basis:33%\">\n<div style=\"height:2vw\" aria-hidden=\"true\" class=\"wp-block-spacer\"><\/div>\n\n\n\n<figure class=\"wp-block-image size-full\"><img loading=\"lazy\" decoding=\"async\" width=\"272\" height=\"363\" src=\"https:\/\/quickhelpalliance.de\/wp-content\/uploads\/2023\/08\/Bild2-Ukraine.jpg\" alt=\"\" class=\"wp-image-133\" srcset=\"https:\/\/quickhelpalliance.de\/wp-content\/uploads\/2023\/08\/Bild2-Ukraine.jpg 272w, https:\/\/quickhelpalliance.de\/wp-content\/uploads\/2023\/08\/Bild2-Ukraine-225x300.jpg 225w\" sizes=\"auto, (max-width: 272px) 100vw, 272px\" \/><\/figure>\n<\/div>\n\n\n\n<div class=\"wp-block-column is-layout-flow wp-block-column-is-layout-flow\" style=\"flex-basis:33.62%\"><\/div>\n<\/div>\n\n\n\n<div class=\"wp-block-columns alignwide is-layout-flex wp-container-core-columns-is-layout-724a882f wp-block-columns-is-layout-flex\">\n<div class=\"wp-block-column is-layout-flow wp-block-column-is-layout-flow\" style=\"flex-basis:69%\">\n<div class=\"wp-block-group\"><div class=\"wp-block-group__inner-container is-layout-constrained wp-block-group-is-layout-constrained\">\n<figure class=\"wp-block-image is-resized is-style-default\"><img decoding=\"async\" src=\"https:\/\/quickhelpalliance.de\/wp-content\/uploads\/2023\/08\/pexels-rdne-stock-project-6646863.jpg\" alt=\"\" class=\"wp-image-34\" style=\"width:375px;height:563px\"\/><\/figure>\n<\/div><\/div>\n<\/div>\n\n\n\n<div class=\"wp-block-column is-vertically-aligned-center is-layout-flow wp-block-column-is-layout-flow\" style=\"flex-basis:33%\">\n<p>Unser Volunteer (Patrick, 30 Jahre) aus M\u00fcnchen f\u00e4hrt seit Beginn der Russischen Invasion in der Ukraine vor Ort, um Hilfe zu leisten.<\/p>\n\n\n\n<p>Ziel ist es das <strong>Klinische Krankenhaus der Stadt Slowjansk<\/strong> mit dringend ben\u00f6tigten medizinischen\/pahrmazeutischen Artikeln f\u00fcr verbliebene Menschen in den Kriegsgebieten zu versorgen und pers\u00f6nlich zu \u00fcbergeben. Es handelt sich um Artikel, die in Deustchalnd nicht knapp oder zur Versorgung nicht dringend ben\u00f6tigt werden (z.B. Verbandsmaterial, Schmerztabletten).<\/p>\n\n\n\n<div style=\"height:2vw\" aria-hidden=\"true\" class=\"wp-block-spacer\"><\/div>\n<\/div>\n<\/div>\n<\/div>\n<\/div><\/div>\n","protected":false},"excerpt":{"rendered":"<p>Hilfe in Krisengebiten Gemeinsam im Kriegsgebiet verbliebenen Menschen helfen. Seit \u00fcber einem Jahr herrscht Krieg in der Ukraine. Das gr\u00f6\u00dfte Leid sp\u00fcrt die Zivilbev\u00f6lkerung. Unz\u00e4hlige von ihnen harren teilweise seit Wochen und Monaten in Kellern aus, um sich vor den Angriffen der russischen Streitkr\u00e4fte zu sch\u00fctzen. Die Frontlinie ist dynamisch und verschiebt sich st\u00e4ndig. Einige Menschen wollen ihr Zuhause schlichtweg [&hellip;]<\/p>\n","protected":false},"author":1,"featured_media":0,"parent":118,"menu_order":0,"comment_status":"closed","ping_status":"closed","template":"","meta":{"_eb_attr":"","footnotes":""},"class_list":["post-143","page","type-page","status-publish","hentry"],"_links":{"self":[{"href":"https:\/\/quickhelpalliance.de\/index.php\/wp-json\/wp\/v2\/pages\/143","targetHints":{"allow":["GET"]}}],"collection":[{"href":"https:\/\/quickhelpalliance.de\/index.php\/wp-json\/wp\/v2\/pages"}],"about":[{"href":"https:\/\/quickhelpalliance.de\/index.php\/wp-json\/wp\/v2\/types\/page"}],"author":[{"embeddable":true,"href":"https:\/\/quickhelpalliance.de\/index.php\/wp-json\/wp\/v2\/users\/1"}],"replies":[{"embeddable":true,"href":"https:\/\/quickhelpalliance.de\/index.php\/wp-json\/wp\/v2\/comments?post=143"}],"version-history":[{"count":5,"href":"https:\/\/quickhelpalliance.de\/index.php\/wp-json\/wp\/v2\/pages\/143\/revisions"}],"predecessor-version":[{"id":196,"href":"https:\/\/quickhelpalliance.de\/index.php\/wp-json\/wp\/v2\/pages\/143\/revisions\/196"}],"up":[{"embeddable":true,"href":"https:\/\/quickhelpalliance.de\/index.php\/wp-json\/wp\/v2\/pages\/118"}],"wp:attachment":[{"href":"https:\/\/quickhelpalliance.de\/index.php\/wp-json\/wp\/v2\/media?parent=143"}],"curies":[{"name":"wp","href":"https:\/\/api.w.org\/{rel}","templated":true}]}}