{"id":120,"date":"2023-08-05T08:14:09","date_gmt":"2023-08-05T08:14:09","guid":{"rendered":"https:\/\/quickhelpalliance.de\/index.php\/donor-dashboard\/"},"modified":"2023-08-11T11:27:52","modified_gmt":"2023-08-11T11:27:52","slug":"spenden","status":"publish","type":"page","link":"https:\/\/quickhelpalliance.de\/index.php\/spenden\/","title":{"rendered":"Spenden"},"content":{"rendered":"\t\t<div data-elementor-type=\"wp-page\" data-elementor-id=\"120\" class=\"elementor elementor-120\">\n\t\t\t\t\t\t\t\t\t<section class=\"elementor-section elementor-top-section elementor-element elementor-element-5b9b8184 elementor-section-boxed elementor-section-height-default elementor-section-height-default\" data-id=\"5b9b8184\" data-element_type=\"section\">\n\t\t\t\t\t\t<div class=\"elementor-container elementor-column-gap-default\">\n\t\t\t\t\t<div class=\"elementor-column elementor-col-100 elementor-top-column elementor-element elementor-element-2bb6ebec\" data-id=\"2bb6ebec\" data-element_type=\"column\">\n\t\t\t<div class=\"elementor-widget-wrap elementor-element-populated\">\n\t\t\t\t\t\t\t\t<div class=\"elementor-element elementor-element-70261849 elementor-widget elementor-widget-text-editor\" data-id=\"70261849\" data-element_type=\"widget\" data-widget_type=\"text-editor.default\">\n\t\t\t\t<div class=\"elementor-widget-container\">\n\t\t\t<style>\/*! elementor - v3.15.0 - 31-07-2023 *\/\n.elementor-widget-text-editor.elementor-drop-cap-view-stacked .elementor-drop-cap{background-color:#69727d;color:#fff}.elementor-widget-text-editor.elementor-drop-cap-view-framed .elementor-drop-cap{color:#69727d;border:3px solid;background-color:transparent}.elementor-widget-text-editor:not(.elementor-drop-cap-view-default) .elementor-drop-cap{margin-top:8px}.elementor-widget-text-editor:not(.elementor-drop-cap-view-default) .elementor-drop-cap-letter{width:1em;height:1em}.elementor-widget-text-editor .elementor-drop-cap{float:left;text-align:center;line-height:1;font-size:50px}.elementor-widget-text-editor .elementor-drop-cap-letter{display:inline-block}<\/style>\t\t\t\t<!-- wp:give\/donor-dashboard {\"align\":\"wide\"} \/-->\t\t\t\t\t\t<\/div>\n\t\t\t\t<\/div>\n\t\t\t\t\t<\/div>\n\t\t<\/div>\n\t\t\t\t\t\t\t<\/div>\n\t\t<\/section>\n\t\t\t\t<section class=\"elementor-section elementor-top-section elementor-element elementor-element-d7e77c0 elementor-section-boxed elementor-section-height-default elementor-section-height-default\" data-id=\"d7e77c0\" data-element_type=\"section\">\n\t\t\t\t\t\t<div class=\"elementor-container elementor-column-gap-default\">\n\t\t\t\t\t<div class=\"elementor-column elementor-col-100 elementor-top-column elementor-element elementor-element-1712b97\" data-id=\"1712b97\" data-element_type=\"column\" data-settings=\"{&quot;animation&quot;:&quot;none&quot;}\">\n\t\t\t<div class=\"elementor-widget-wrap elementor-element-populated\">\n\t\t\t\t\t\t\t\t<div class=\"elementor-element elementor-element-9252bbe elementor-widget elementor-widget-text-editor\" data-id=\"9252bbe\" data-element_type=\"widget\" data-widget_type=\"text-editor.default\">\n\t\t\t\t<div class=\"elementor-widget-container\">\n\t\t\t\t\t\t\t<section class=\"elementor-section elementor-inner-section elementor-element elementor-element-4029829a elementor-section-full_width elementor-section-content-middle animated-slow elementor-section-height-default elementor-section-height-default animated slideInUp\" data-id=\"4029829a\" data-element_type=\"section\" data-settings=\"{&quot;background_background&quot;:&quot;classic&quot;,&quot;animation&quot;:&quot;slideInUp&quot;}\">\n<div class=\"elementor-container elementor-column-gap-no\">\n<div class=\"elementor-row\">\n<div class=\"elementor-column elementor-col-100 elementor-inner-column elementor-element elementor-element-14f0e8f3\" data-id=\"14f0e8f3\" data-element_type=\"column\" data-settings=\"{&quot;background_background&quot;:&quot;classic&quot;}\">\n<div class=\"elementor-column-wrap elementor-element-populated\">\n<div class=\"elementor-widget-wrap\">\n<div class=\"elementor-element elementor-element-3c28f119 elementor-widget elementor-widget-text-editor\" data-id=\"3c28f119\" data-element_type=\"widget\" data-widget_type=\"text-editor.default\">\n<div class=\"elementor-widget-container\">\n<div class=\"elementor-text-editor elementor-clearfix\">\n<p>F\u00fcr uns ist es pures Gl\u00fcck, in einer Wohlstandsgesellschaft geboren worden zu sein \u2014 lasst uns etwas davon abgeben! Nicht jeder aber hat die Zeit, Kraft oder M\u00f6glichkeit, vor Ort t\u00e4tig zu werden, um bed\u00fcrftige Menschen zu unterst\u00fctzen, das ist uns v\u00f6llig klar. Mit einer Spende k\u00f6nnen Sie unsere Arbeit ma\u00dfgeblich unterst\u00fctzen und damit einen gro\u00dfen Beitrag zur Verbesserung der Chancengleichheit und der Lebenssituation von Menschen in Not leisten.<\/p>\n<p>Ohne finanzielle Unterst\u00fctzung w\u00e4re unsere Arbeit nicht m\u00f6glich, und jede einzelne Spende tr\u00e4gt zu unserem Erfolg bei. Mit Spendengeldern gehen wir effizient und transparent um, damit jeder Euro unseren Projekten zugute kommt.<\/p>\n<\/div>\n<\/div>\n<\/div>\n<\/div>\n<\/div>\n<\/div>\n<\/div>\n<\/div>\n<\/section>\t\t\t\t\t\t<\/div>\n\t\t\t\t<\/div>\n\t\t\t\t\t<\/div>\n\t\t<\/div>\n\t\t\t\t\t\t\t<\/div>\n\t\t<\/section>\n\t\t\t\t<section class=\"elementor-section elementor-top-section elementor-element elementor-element-c6120f2 elementor-section-boxed elementor-section-height-default elementor-section-height-default\" data-id=\"c6120f2\" data-element_type=\"section\">\n\t\t\t\t\t\t<div class=\"elementor-container elementor-column-gap-default\">\n\t\t\t\t\t<div class=\"elementor-column elementor-col-100 elementor-top-column elementor-element elementor-element-de83d99\" data-id=\"de83d99\" data-element_type=\"column\">\n\t\t\t<div class=\"elementor-widget-wrap elementor-element-populated\">\n\t\t\t\t\t\t\t\t<div class=\"elementor-element elementor-element-93f91ce elementor-widget elementor-widget-heading\" data-id=\"93f91ce\" data-element_type=\"widget\" data-widget_type=\"heading.default\">\n\t\t\t\t<div class=\"elementor-widget-container\">\n\t\t\t<style>\/*! elementor - v3.15.0 - 31-07-2023 *\/\n.elementor-heading-title{padding:0;margin:0;line-height:1}.elementor-widget-heading .elementor-heading-title[class*=elementor-size-]>a{color:inherit;font-size:inherit;line-height:inherit}.elementor-widget-heading .elementor-heading-title.elementor-size-small{font-size:15px}.elementor-widget-heading .elementor-heading-title.elementor-size-medium{font-size:19px}.elementor-widget-heading .elementor-heading-title.elementor-size-large{font-size:29px}.elementor-widget-heading .elementor-heading-title.elementor-size-xl{font-size:39px}.elementor-widget-heading .elementor-heading-title.elementor-size-xxl{font-size:59px}<\/style><h2 class=\"elementor-heading-title elementor-size-default\"><b>Spendenkonto<\/b><\/h2>\t\t<\/div>\n\t\t\t\t<\/div>\n\t\t\t\t\t<\/div>\n\t\t<\/div>\n\t\t\t\t\t\t\t<\/div>\n\t\t<\/section>\n\t\t\t\t<section class=\"elementor-section elementor-top-section elementor-element elementor-element-19de8fc elementor-section-boxed elementor-section-height-default elementor-section-height-default\" data-id=\"19de8fc\" data-element_type=\"section\">\n\t\t\t\t\t\t<div class=\"elementor-container elementor-column-gap-default\">\n\t\t\t\t\t<div class=\"elementor-column elementor-col-100 elementor-top-column elementor-element elementor-element-c259745\" data-id=\"c259745\" data-element_type=\"column\">\n\t\t\t<div class=\"elementor-widget-wrap elementor-element-populated\">\n\t\t\t\t\t\t\t\t<div class=\"elementor-element elementor-element-b69e65c elementor-icon-list--layout-inline elementor-list-item-link-full_width elementor-widget elementor-widget-icon-list\" data-id=\"b69e65c\" data-element_type=\"widget\" data-widget_type=\"icon-list.default\">\n\t\t\t\t<div class=\"elementor-widget-container\">\n\t\t\t<link rel=\"stylesheet\" href=\"https:\/\/quickhelpalliance.de\/wp-content\/plugins\/elementor\/assets\/css\/widget-icon-list.min.css\">\t\t<ul class=\"elementor-icon-list-items elementor-inline-items\">\n\t\t\t\t\t\t\t<li class=\"elementor-icon-list-item elementor-inline-item\">\n\t\t\t\t\t\t\t\t\t\t\t<span class=\"elementor-icon-list-icon\">\n\t\t\t\t\t\t\t<i aria-hidden=\"true\" class=\"fas fa-house-user\"><\/i>\t\t\t\t\t\t<\/span>\n\t\t\t\t\t\t\t\t\t\t<span class=\"elementor-icon-list-text\">Quick Help Alliance e.V.<\/span>\n\t\t\t\t\t\t\t\t\t<\/li>\n\t\t\t\t\t\t\t\t<li class=\"elementor-icon-list-item elementor-inline-item\">\n\t\t\t\t\t\t\t\t\t\t\t<span class=\"elementor-icon-list-icon\">\n\t\t\t\t\t\t\t<i aria-hidden=\"true\" class=\"fas fa-piggy-bank\"><\/i>\t\t\t\t\t\t<\/span>\n\t\t\t\t\t\t\t\t\t\t<span class=\"elementor-icon-list-text\"><b>GLS Gemeinschaftsbank eG<\/b><br><b>IBAN: DE96 4306 0967 1301 3249 00<br>BIC: GENODEM1GLS<\/b><\/span>\n\t\t\t\t\t\t\t\t\t<\/li>\n\t\t\t\t\t\t<\/ul>\n\t\t\t\t<\/div>\n\t\t\t\t<\/div>\n\t\t\t\t\t<\/div>\n\t\t<\/div>\n\t\t\t\t\t\t\t<\/div>\n\t\t<\/section>\n\t\t\t\t<section class=\"elementor-section elementor-top-section elementor-element elementor-element-b9c9378 elementor-section-boxed elementor-section-height-default elementor-section-height-default\" data-id=\"b9c9378\" data-element_type=\"section\">\n\t\t\t\t\t\t<div class=\"elementor-container elementor-column-gap-default\">\n\t\t\t\t\t<div class=\"elementor-column elementor-col-100 elementor-top-column elementor-element elementor-element-3d9e24a\" data-id=\"3d9e24a\" data-element_type=\"column\">\n\t\t\t<div class=\"elementor-widget-wrap elementor-element-populated\">\n\t\t\t\t\t\t\t\t<div class=\"elementor-element elementor-element-b7f2811 elementor-widget elementor-widget-text-editor\" data-id=\"b7f2811\" data-element_type=\"widget\" data-widget_type=\"text-editor.default\">\n\t\t\t\t<div class=\"elementor-widget-container\">\n\t\t\t\t\t\t\t<p><strong>HINWEIS:<\/strong><\/p>\n<p>Damit wir Ihnen eine <strong>Spendenbescheinigung<\/strong> ausstellen k\u00f6nnen, ben\u00f6tigen wir Ihren <strong>Namen<\/strong>, Ihre <strong>Anschrift<\/strong> und Ihre <strong>E-Mail-Adresse<\/strong>. <br \/>Bitte geben Sie diese Daten bei Ihrer \u00dcberweisung im Verwendungszweck an.<\/p>\n<p><em>Beispiel: Max Mustermann, Musterstra\u00dfe 1, 12345 Musterstadt, max@mustermann.de<\/em><\/p>\t\t\t\t\t\t<\/div>\n\t\t\t\t<\/div>\n\t\t\t\t\t<\/div>\n\t\t<\/div>\n\t\t\t\t\t\t\t<\/div>\n\t\t<\/section>\n\t\t\t\t<section class=\"elementor-section elementor-top-section elementor-element elementor-element-05bb028 elementor-section-boxed elementor-section-height-default elementor-section-height-default\" data-id=\"05bb028\" data-element_type=\"section\">\n\t\t\t\t\t\t<div class=\"elementor-container elementor-column-gap-default\">\n\t\t\t\t\t<div class=\"elementor-column elementor-col-100 elementor-top-column elementor-element elementor-element-8b817e1\" data-id=\"8b817e1\" data-element_type=\"column\">\n\t\t\t<div class=\"elementor-widget-wrap elementor-element-populated\">\n\t\t\t\t\t\t\t\t<div class=\"elementor-element elementor-element-c304ef2 elementor-widget elementor-widget-text-editor\" data-id=\"c304ef2\" data-element_type=\"widget\" data-widget_type=\"text-editor.default\">\n\t\t\t\t<div class=\"elementor-widget-container\">\n\t\t\t\t\t\t\t<h2>Spendennachweis<\/h2>\t\t\t\t\t\t<\/div>\n\t\t\t\t<\/div>\n\t\t\t\t\t<\/div>\n\t\t<\/div>\n\t\t\t\t\t\t\t<\/div>\n\t\t<\/section>\n\t\t\t\t<section class=\"elementor-section elementor-top-section elementor-element elementor-element-1900ff1 elementor-section-boxed elementor-section-height-default elementor-section-height-default\" data-id=\"1900ff1\" data-element_type=\"section\">\n\t\t\t\t\t\t<div class=\"elementor-container elementor-column-gap-default\">\n\t\t\t\t\t<div class=\"elementor-column elementor-col-100 elementor-top-column elementor-element elementor-element-095ecda\" data-id=\"095ecda\" data-element_type=\"column\">\n\t\t\t<div class=\"elementor-widget-wrap elementor-element-populated\">\n\t\t\t\t\t\t\t\t<div class=\"elementor-element elementor-element-ba3ea7a elementor-widget elementor-widget-text-editor\" data-id=\"ba3ea7a\" data-element_type=\"widget\" data-widget_type=\"text-editor.default\">\n\t\t\t\t<div class=\"elementor-widget-container\">\n\t\t\t\t\t\t\t<p>Sie haben uns schon gespendet und ben\u00f6tigen eine Zuwendungsbest\u00e4tigung? <strong>Falls Sie im Verwendungszweck Ihre Adresse angegeben und \u00fcber 200 EUR gespendet haben, erhalten Sie im Februar des folgenden Kalenderjahres automatisch eine Spendenbescheinigung von uns<\/strong>. Bei Spenden bis 200 EUR gen\u00fcgt dem Finanzamt bereits der Bareinzahlungsbeleg, eine entsprechende Kopie des Kontoauszugs oder ein Ausdruck des Online-Banking in Verbindung mit unserem Begleitschreiben, welches Sie hier herunterladen k\u00f6nnen.<\/p>\t\t\t\t\t\t<\/div>\n\t\t\t\t<\/div>\n\t\t\t\t\t<\/div>\n\t\t<\/div>\n\t\t\t\t\t\t\t<\/div>\n\t\t<\/section>\n\t\t\t\t<section class=\"elementor-section elementor-top-section elementor-element elementor-element-aa05f1a elementor-section-boxed elementor-section-height-default elementor-section-height-default\" data-id=\"aa05f1a\" data-element_type=\"section\">\n\t\t\t\t\t\t<div class=\"elementor-container elementor-column-gap-default\">\n\t\t\t\t\t<div class=\"elementor-column elementor-col-100 elementor-top-column elementor-element elementor-element-9df7c8a\" data-id=\"9df7c8a\" data-element_type=\"column\">\n\t\t\t<div class=\"elementor-widget-wrap elementor-element-populated\">\n\t\t\t\t\t\t\t\t<div class=\"elementor-element elementor-element-0a13ed5 elementor-align-center elementor-widget elementor-widget-button\" data-id=\"0a13ed5\" data-element_type=\"widget\" data-widget_type=\"button.default\">\n\t\t\t\t<div class=\"elementor-widget-container\">\n\t\t\t\t\t<div class=\"elementor-button-wrapper\">\n\t\t\t<a class=\"elementor-button elementor-button-link elementor-size-md\" href=\"https:\/\/quickhelpalliance.de\/wp-content\/uploads\/2023\/08\/Vereinfachter-Spendennachweis-1.pdf\">\n\t\t\t\t\t\t<span class=\"elementor-button-content-wrapper\">\n\t\t\t\t\t\t<span class=\"elementor-button-text\">Download<\/span>\n\t\t<\/span>\n\t\t\t\t\t<\/a>\n\t\t<\/div>\n\t\t\t\t<\/div>\n\t\t\t\t<\/div>\n\t\t\t\t\t<\/div>\n\t\t<\/div>\n\t\t\t\t\t\t\t<\/div>\n\t\t<\/section>\n\t\t\t\t\t\t\t<\/div>\n\t\t","protected":false},"excerpt":{"rendered":"<p>F\u00fcr uns ist es pures Gl\u00fcck, in einer Wohlstandsgesellschaft geboren worden zu sein \u2014 lasst uns etwas davon abgeben! Nicht jeder aber hat die Zeit, Kraft oder M\u00f6glichkeit, vor Ort t\u00e4tig zu werden, um bed\u00fcrftige Menschen zu unterst\u00fctzen, das ist uns v\u00f6llig klar. Mit einer Spende k\u00f6nnen Sie unsere Arbeit ma\u00dfgeblich unterst\u00fctzen und damit einen gro\u00dfen Beitrag zur Verbesserung der [&hellip;]<\/p>\n","protected":false},"author":1,"featured_media":0,"parent":0,"menu_order":0,"comment_status":"closed","ping_status":"closed","template":"","meta":{"_eb_attr":"","footnotes":""},"class_list":["post-120","page","type-page","status-publish","hentry"],"_links":{"self":[{"href":"https:\/\/quickhelpalliance.de\/index.php\/wp-json\/wp\/v2\/pages\/120","targetHints":{"allow":["GET"]}}],"collection":[{"href":"https:\/\/quickhelpalliance.de\/index.php\/wp-json\/wp\/v2\/pages"}],"about":[{"href":"https:\/\/quickhelpalliance.de\/index.php\/wp-json\/wp\/v2\/types\/page"}],"author":[{"embeddable":true,"href":"https:\/\/quickhelpalliance.de\/index.php\/wp-json\/wp\/v2\/users\/1"}],"replies":[{"embeddable":true,"href":"https:\/\/quickhelpalliance.de\/index.php\/wp-json\/wp\/v2\/comments?post=120"}],"version-history":[{"count":27,"href":"https:\/\/quickhelpalliance.de\/index.php\/wp-json\/wp\/v2\/pages\/120\/revisions"}],"predecessor-version":[{"id":193,"href":"https:\/\/quickhelpalliance.de\/index.php\/wp-json\/wp\/v2\/pages\/120\/revisions\/193"}],"wp:attachment":[{"href":"https:\/\/quickhelpalliance.de\/index.php\/wp-json\/wp\/v2\/media?parent=120"}],"curies":[{"name":"wp","href":"https:\/\/api.w.org\/{rel}","templated":true}]}}